{"id":1057,"date":"2017-03-24T12:25:57","date_gmt":"2017-03-24T10:25:57","guid":{"rendered":"http:\/\/www.astrologie-beratung-berlin.com\/?page_id=1057"},"modified":"2026-01-10T21:26:53","modified_gmt":"2026-01-10T19:26:53","slug":"herzlich-willkommen-auf-meiner-homepage","status":"publish","type":"page","link":"https:\/\/www.astrologie-beratung-berlin.com\/","title":{"rendered":"Astro-Beratung &#038; Ausbildung"},"content":{"rendered":"<p><a href=\"https:\/\/www.astrologie-beratung-berlin.com\/wp-content\/uploads\/2016\/02\/Petra-Niedrige-Aufl\u00f6sung-1.jpg\"><img loading=\"lazy\" decoding=\"async\" class=\"  wp-image-855 alignleft\" src=\"https:\/\/www.astrologie-beratung-berlin.com\/wp-content\/uploads\/2016\/02\/Petra-Niedrige-Aufl\u00f6sung-1.jpg\" alt=\"HP Petra D\u00f6rfert Gepr\u00fcfte Astrologin des DAV\" width=\"163\" height=\"227\" \/><\/a>Herzlich Willkommen auf meiner Seite f\u00fcr <strong>astrologische Lebensberatung<\/strong>, <strong>Grund- &amp; Fortgeschrittenenkurse,<\/strong><strong> Astromedizin &amp; Hom\u00f6opathie!<br \/><\/strong><\/p>\n<p>Wenn Sie <strong>Fragen<\/strong> haben, einen <strong>Beratungstermin<\/strong> buchen oder sich f\u00fcr eine <strong>Ausbildung<\/strong> anmelden m\u00f6chten, mailen Sie mir bitte oder rufen Sie mich an (<a href=\"https:\/\/www.astrologie-beratung-berlin.com\/?page_id=28\" target=\"_blank\" rel=\"noopener\">Kontakt<\/a>).<\/p>\n<p><!-- \/wp:post-content --><\/p>\n<p><!-- wp:paragraph --><\/p>\n<h3>\u00a0<\/h3>\n<h3>\u00a0<\/h3>\n<h3 class=\"wp-block-heading\"><strong>Aktuelle Online-Ausbildungen:<\/strong><\/h3>\n<p><!-- \/wp:paragraph --><\/p>\n<p><!-- wp:paragraph --><\/p>\n<p><strong><span style=\"color: #000000;\">Einj\u00e4hrige<\/span> <span style=\"color: #c912de;\">Online-Grundausbildung Astrologie: Das Horoskop verstehen<\/span><\/strong><br \/><span style=\"color: #c912de;\"><span style=\"color: #333333;\">ab<\/span><strong> 13. Januar 2026\u00a0 <\/strong><\/span><br \/>(31 Abende bis Dez. 2026, jeweils dienstags 19.30 &#8211; 21.30 Uhr).<br \/>Status:<span style=\"color: #3366ff;\"><strong> Ausgebucht &#8211; nur noch Warteliste m\u00f6glich <\/strong><\/span><br \/>Ausf\u00fchrliche Informationen finden Sie hier:<br \/><a href=\"https:\/\/online-akademie-astrologie.com\/grundausbildung-2\/\" target=\"_blank\" rel=\"noreferrer noopener\" aria-label=\"Einj\u00e4hrige Online-Grundausbildung Astrologie (\u00f6ffnet in neuem Tab)\">Einj\u00e4hrige Online-Grundausbildung Astrologie<\/a><br \/>Bei Interesse maile ich Ihnen gerne das Anmeldeformular. <strong><a href=\"https:\/\/www.astrologie-beratung-berlin.com\/wp-content\/uploads\/2023\/02\/Online-Aufbaukurs-Partnerschaftsastrologie-mit-Petra-D\u00f6rfert.pdf\" target=\"_blank\" rel=\"noreferrer noopener\" aria-label=\"Online-Aufbaukurs Partnerschaftsastrologie (\u00f6ffnet in neuem Tab)\"><img loading=\"lazy\" decoding=\"async\" class=\"wp-image-1049 alignright\" src=\"https:\/\/www.astrologie-beratung-berlin.com\/wp-content\/uploads\/2017\/03\/Ptolem\u00e4us-bei-Gregor-Reisch-Margarita-Philosophica.jpg\" alt=\"Ptolem\u00e4us in Gregor Reischs Margarita Philosophica\" width=\"179\" height=\"226\" srcset=\"https:\/\/www.astrologie-beratung-berlin.com\/wp-content\/uploads\/2017\/03\/Ptolem\u00e4us-bei-Gregor-Reisch-Margarita-Philosophica.jpg 800w, https:\/\/www.astrologie-beratung-berlin.com\/wp-content\/uploads\/2017\/03\/Ptolem\u00e4us-bei-Gregor-Reisch-Margarita-Philosophica-237x300.jpg 237w, https:\/\/www.astrologie-beratung-berlin.com\/wp-content\/uploads\/2017\/03\/Ptolem\u00e4us-bei-Gregor-Reisch-Margarita-Philosophica-552x700.jpg 552w\" sizes=\"auto, (max-width: 179px) 100vw, 179px\" \/><\/a><\/strong><\/p>\n<p><strong>Online-Aufbaukurs<\/strong> <span style=\"color: #c912de;\"><strong>Partnerschaftsastrologie<\/strong><\/span><br \/>ab <strong><span style=\"color: #c912de;\">2. M\u00e4rz 2026<\/span><br \/><\/strong>(15 Abende bis Dez. 2026, jeweils montags 19.30 &#8211; 21.30 Uhr).<br \/>Status: <span style=\"color: #3366ff;\"><strong>Anmeldung m\u00f6glich<\/strong><\/span><br \/>Ausf\u00fchrliche Informationen finden Sie hier:<br \/><a href=\"https:\/\/online-akademie-astrologie.com\/aufbaukurse\/partnerschaftsastrologie\/\" target=\"_blank\" rel=\"noreferrer noopener\">Online-Aufbaukurs Partnerschaftsastrologie<\/a><br \/>Bei Interesse maile ich Ihnen gerne das Anmeldeformular.<\/p>\n<p><strong>Online-Ausbildung <\/strong><span style=\"color: #c912de;\"><strong>Astromedizin <\/strong><\/span>ab <strong><span style=\"color: #c912de;\">2. September 2026<\/span><br \/><\/strong>(21 Abende bis Juni 2027, jeweils mittwochs 19.30 &#8211; 21.30 Uhr).<br \/>Status: <span style=\"color: #3366ff;\"><strong>Anmeldung m\u00f6glich<\/strong><\/span><br \/>Ausf\u00fchrliche Informationen finden Sie hier:<br \/><a href=\"https:\/\/online-akademie-astrologie.com\/astromedizin\/\" target=\"_blank\" rel=\"noreferrer noopener\" aria-label=\"Online-Ausbildung Astromedizin in 21 Abenden (\u00f6ffnet in neuem Tab)\">Online-Ausbildung Astromedizin in 21 Abenden<\/a><br \/>Bei Interesse maile ich Ihnen gerne das Anmeldeformular.<\/p>\n<p><strong>Online-Aufbaukurs<\/strong> <span style=\"color: #c912de;\"><strong>Beratertraining <\/strong> <\/span>ab <strong><span style=\"color: #c912de;\">12.\/13. September 2026<\/span><br \/><\/strong>(4 Wochenenden, jeweils Sa 14.00 &#8211; 18.00 Uhr, So 11.00 &#8211; 15.00 Uhr, plus eine Einzelsupervision).<br \/>Status: <span style=\"color: #3366ff;\"><strong>Anmeldung m\u00f6glich<\/strong><\/span><br \/>Ausf\u00fchrliche Informationen finden Sie hier:<br \/><a href=\"https:\/\/online-akademie-astrologie.com\/aufbaukurse\/berater-training\/\" target=\"_blank\" rel=\"noopener\">Online-Aufbaukurs Beratertraining<\/a><br \/>Bei Interesse maile ich Ihnen gerne das Anmeldeformular.<\/p>\n<p><!-- wp:paragraph --><\/p>\n<p><strong>Online-Aufbaukurs<\/strong> <span style=\"color: #c912de;\"><strong>Astrologische Prognosetechniken<\/strong><\/span> ab <strong><span style=\"color: #c912de;\">8. M\u00e4rz 2027<\/span><br \/><\/strong> (15 Abende, jeweils montags 19.30 &#8211; 21.30 Uhr).<br \/>Status: <span style=\"color: #3366ff;\"><strong>Bislang nur Reservierungen m\u00f6glich<\/strong><\/span><br \/>Ausf\u00fchrliche Informationen finden Sie hier:<br \/><a href=\"https:\/\/online-akademie-astrologie.com\/aufbaukurse\/prognose\/\" target=\"_blank\" rel=\"noreferrer noopener\" aria-label=\"Online-Aufbaukurs Prognosetechniken (\u00f6ffnet in neuem Tab)\">Online-Aufbaukurs Prognosetechniken<\/a><\/p>\n<p>\u00a0<\/p>\n<p>\u00a0<\/p>\n<p><!-- wp:paragraph --><\/p>\n<p><!-- \/wp:paragraph --><\/p>\n<p><!-- wp:paragraph --><\/p>\n<p><!-- \/wp:paragraph --><!-- \/wp:paragraph --><\/p>\n<p><!-- wp:paragraph --><\/p>\n<p><!-- \/wp:paragraph --><\/p>\n<p><!-- wp:paragraph --><\/p>\n<p><!-- \/wp:paragraph --><\/p>\n<p><!-- wp:paragraph --><\/p>\n<p><!-- \/wp:paragraph --><\/p>\n<p><!-- wp:paragraph --><\/p>\n<p><!-- \/wp:paragraph --><\/p>\n<p><!-- wp:paragraph --><\/p>\n<p><!-- \/wp:paragraph --><\/p>\n<p><!-- wp:paragraph --><\/p>\n<p><!-- \/wp:paragraph --><\/p>\n\n<!-- wp:paragraph -->\n<p><\/p>\n<!-- \/wp:paragraph -->","protected":false},"excerpt":{"rendered":"<p>Herzlich Willkommen auf meiner Seite f\u00fcr astrologische Lebensberatung, Grund- &amp; Fortgeschrittenenkurse, Astromedizin &amp; Hom\u00f6opathie! Wenn Sie Fragen haben, einen Beratungstermin buchen oder sich f\u00fcr eine Ausbildung anmelden m\u00f6chten, mailen Sie mir bitte oder rufen Sie mich an (Kontakt). \u00a0 \u00a0 &hellip; <a href=\"https:\/\/www.astrologie-beratung-berlin.com\/\">Weiterlesen <span class=\"meta-nav\">&rarr;<\/span><\/a><\/p>\n","protected":false},"author":1,"featured_media":0,"parent":0,"menu_order":0,"comment_status":"closed","ping_status":"closed","template":"sidebar-page.php","meta":{"footnotes":""},"class_list":["post-1057","page","type-page","status-publish","hentry"],"aioseo_notices":[],"_links":{"self":[{"href":"https:\/\/www.astrologie-beratung-berlin.com\/index.php?rest_route=\/wp\/v2\/pages\/1057","targetHints":{"allow":["GET"]}}],"collection":[{"href":"https:\/\/www.astrologie-beratung-berlin.com\/index.php?rest_route=\/wp\/v2\/pages"}],"about":[{"href":"https:\/\/www.astrologie-beratung-berlin.com\/index.php?rest_route=\/wp\/v2\/types\/page"}],"author":[{"embeddable":true,"href":"https:\/\/www.astrologie-beratung-berlin.com\/index.php?rest_route=\/wp\/v2\/users\/1"}],"replies":[{"embeddable":true,"href":"https:\/\/www.astrologie-beratung-berlin.com\/index.php?rest_route=%2Fwp%2Fv2%2Fcomments&post=1057"}],"version-history":[{"count":462,"href":"https:\/\/www.astrologie-beratung-berlin.com\/index.php?rest_route=\/wp\/v2\/pages\/1057\/revisions"}],"predecessor-version":[{"id":3051,"href":"https:\/\/www.astrologie-beratung-berlin.com\/index.php?rest_route=\/wp\/v2\/pages\/1057\/revisions\/3051"}],"wp:attachment":[{"href":"https:\/\/www.astrologie-beratung-berlin.com\/index.php?rest_route=%2Fwp%2Fv2%2Fmedia&parent=1057"}],"curies":[{"name":"wp","href":"https:\/\/api.w.org\/{rel}","templated":true}]}}