{"id":77,"date":"2013-10-31T16:37:16","date_gmt":"2013-10-31T14:37:16","guid":{"rendered":"http:\/\/www.2013-neu.astro-doerfert.de\/?page_id=77"},"modified":"2025-11-07T12:45:48","modified_gmt":"2025-11-07T10:45:48","slug":"preise","status":"publish","type":"page","link":"https:\/\/www.astrologie-beratung-berlin.com\/?page_id=77","title":{"rendered":"Preise"},"content":{"rendered":"<p><strong>Ausf\u00fchrliches Beratungsgespr\u00e4ch (Erstgespr\u00e4ch)<\/strong><br \/>\nSie k\u00f6nnen Fragen zu s\u00e4mtlichen Themenbereichen stellen, die Ihnen am Herzen liegen (inkl. Jahresvorschau).<br \/>\nDauer 90 Min.: 160\u20ac<\/p>\n<p><strong>Folgesitzung<br \/>\n<\/strong>Bei einer Folgesitzung innerhalb eines Jahres erfolgt die Abrechnung nach Gespr\u00e4chsl\u00e4nge (je 30 Min. = 50\u20ac).<\/p>\n<p><strong>Astrologische Paarberatung<\/strong><br \/>\nBeide Partner kommen gemeinsam in die Beratung. Im Mittelpunkt der Beratung stehen Themen, die beide Partner ber\u00fchren.<br \/>\nDauer 90 Min.: 200\u20ac<\/p>\n<p><strong>Kurzberatung<\/strong><br \/>\nBei EINER gezielten Frage zu nur EINEM Themenbereich, z.B. Umzug, Bewerbungsgespr\u00e4ch (Dauer bis max. 30 Min.): 50\u20ac<br \/>\nBitte haben Sie Verst\u00e4ndnis daf\u00fcr, dass sich verwickelte Fragestellungen und Partnerschaftsberatungen grunds\u00e4tzlich nicht f\u00fcr eine Kurzberatung eignen!<\/p>\n<p><strong>Astrologische Terminwahl <\/strong><br \/>\nDie errechneten Termine werden per E-Mail mitgeteilt (auf Wunsch mit astrologischen Erl\u00e4uterungen, R\u00fcckfragen sind m\u00f6glich).<br \/>\nTermine f\u00fcr notwendige medizinische Behandlungen\/OPs: 100\u20ac<br \/>\nTermine f\u00fcr Sch\u00f6nheits-OPs: 150\u20ac<br \/>\nHochzeitstermine und Gesch\u00e4ftsgr\u00fcndungstermine: 150\u20ac<br \/>\nWird zus\u00e4tzlich ein Beratungsgespr\u00e4ch gew\u00fcnscht, kostet dies 50\u20ac je 30 Min.<\/p>\n<p><strong>Live-Beratungen auf Events<br \/>\n<\/strong>Im Rahmen seri\u00f6ser Events stehe ich gerne f\u00fcr die Live-Beratung Ihrer G\u00e4ste zur Verf\u00fcgung. Die Kosten belaufen sich je nach Format auf 100-150\u20ac pro Stunde plus Spesen (z.B. Fahrtkosten).<\/p>\n<p><strong><br \/>\nKonditionen:<\/strong><\/p>\n<ul>\n<li>Auf Wunsch kann von\u00a0der Beratung ein <strong>Audio- oder Video-Mitschnitt<\/strong> (mp3\/mp4) angefertigt werden. Dieser wird innerhalb von 1-2 Tagen \u00fcber einen Transferdienstleister kostenlos als Download bereitgestellt. Die Aufzeichnung erfolgt mit der gebotenen Sorgfalt, dennoch kann f\u00fcr das Gelingen sowie die technische Qualit\u00e4t keine Gew\u00e4hr \u00fcbernommen werden. Sobald sicher ist, dass Sie die Aufzeichnung erhalten habe, l\u00f6sche ich sie von meinem System, so dass sie zu einem sp\u00e4teren Zeitpunkt nicht mehr abgerufen werden kann.<\/li>\n<li>Bitte haben Sie Verst\u00e4ndnis daf\u00fcr, dass ich bei telefonischen\/Online-Terminen\u00a0 <strong>Vorkasse<\/strong> erbitte.<\/li>\n<li>Das <strong>Vorgespr\u00e4ch<\/strong> sowie meine <strong>Vorbereitungszeit<\/strong>, die bis zu 60 Min. betragen kann, sind, soweit nicht anders vermerkt, im Preis enthalten.<\/li>\n<li>\u00dcber alle Leistungen, die meine <strong>T\u00e4tigkeit als Heilpraktikerin<\/strong> betreffen, informieren Sie sich bitte auf <a href=\"http:\/\/www.astrologie-und-hom\u00f6opathie.de\/?page_id=12\" target=\"_blank\" rel=\"noopener\">Naturheilpraxis Petra D\u00f6rfert<\/a>.<\/li>\n<\/ul>\n<p><strong>\u00a0<\/strong><\/p>\n","protected":false},"excerpt":{"rendered":"<p>Ausf\u00fchrliches Beratungsgespr\u00e4ch (Erstgespr\u00e4ch) Sie k\u00f6nnen Fragen zu s\u00e4mtlichen Themenbereichen stellen, die Ihnen am Herzen liegen (inkl. Jahresvorschau). Dauer 90 Min.: 160\u20ac Folgesitzung Bei einer Folgesitzung innerhalb eines Jahres erfolgt die Abrechnung nach Gespr\u00e4chsl\u00e4nge (je 30 Min. = 50\u20ac). Astrologische Paarberatung &hellip; <a href=\"https:\/\/www.astrologie-beratung-berlin.com\/?page_id=77\">Weiterlesen <span class=\"meta-nav\">&rarr;<\/span><\/a><\/p>\n","protected":false},"author":2,"featured_media":0,"parent":79,"menu_order":3,"comment_status":"closed","ping_status":"open","template":"","meta":{"footnotes":""},"class_list":["post-77","page","type-page","status-publish","hentry"],"aioseo_notices":[],"_links":{"self":[{"href":"https:\/\/www.astrologie-beratung-berlin.com\/index.php?rest_route=\/wp\/v2\/pages\/77","targetHints":{"allow":["GET"]}}],"collection":[{"href":"https:\/\/www.astrologie-beratung-berlin.com\/index.php?rest_route=\/wp\/v2\/pages"}],"about":[{"href":"https:\/\/www.astrologie-beratung-berlin.com\/index.php?rest_route=\/wp\/v2\/types\/page"}],"author":[{"embeddable":true,"href":"https:\/\/www.astrologie-beratung-berlin.com\/index.php?rest_route=\/wp\/v2\/users\/2"}],"replies":[{"embeddable":true,"href":"https:\/\/www.astrologie-beratung-berlin.com\/index.php?rest_route=%2Fwp%2Fv2%2Fcomments&post=77"}],"version-history":[{"count":69,"href":"https:\/\/www.astrologie-beratung-berlin.com\/index.php?rest_route=\/wp\/v2\/pages\/77\/revisions"}],"predecessor-version":[{"id":3042,"href":"https:\/\/www.astrologie-beratung-berlin.com\/index.php?rest_route=\/wp\/v2\/pages\/77\/revisions\/3042"}],"up":[{"embeddable":true,"href":"https:\/\/www.astrologie-beratung-berlin.com\/index.php?rest_route=\/wp\/v2\/pages\/79"}],"wp:attachment":[{"href":"https:\/\/www.astrologie-beratung-berlin.com\/index.php?rest_route=%2Fwp%2Fv2%2Fmedia&parent=77"}],"curies":[{"name":"wp","href":"https:\/\/api.w.org\/{rel}","templated":true}]}}