{"id":85,"date":"2013-10-31T16:43:13","date_gmt":"2013-10-31T14:43:13","guid":{"rendered":"http:\/\/www.2013-neu.astro-doerfert.de\/?page_id=85"},"modified":"2025-01-26T13:27:34","modified_gmt":"2025-01-26T11:27:34","slug":"homoeopathie","status":"publish","type":"page","link":"https:\/\/www.astrologie-beratung-berlin.com\/?page_id=85","title":{"rendered":"Hom\u00f6opathie"},"content":{"rendered":"\n<p>Als Heilpraktikerin empfinde ich die Verbindung von Astromedizin (= Deutung des Horoskops auf der k\u00f6rperlichen\/gesundheitlichen Ebene)\u00a0und Hom\u00f6opathie als besonders fruchtbar. Sie erm\u00f6glicht:<\/p>\n\n\n\n<ul class=\"wp-block-list\">\n<li>Aufdeckung und L\u00f6sung von <strong>psychosomatischen Krankheitsursachen<\/strong> im Rahmen des&nbsp;astrologischen Beratungsgespr\u00e4chs: Denn Verstehen ist immer der erste Schritt!<\/li>\n\n\n\n<li>Begleitung&nbsp;und Unterst\u00fctzung <strong>psychischer Themen<\/strong> durch horoskopbasierte Gespr\u00e4che &amp; hom\u00f6opathische Mittelwahl (prozessorientierte Hom\u00f6opathie)<\/li>\n\n\n\n<li>Klassische hom\u00f6opathische Behandlung\u00a0bei <strong>k\u00f6rperlichen Erkrankungen<\/strong> unter Mitber\u00fccksichtigung des Horoskops<\/li>\n\n\n\n<li>Astrologische <strong>Kinderwunschberatung<\/strong> in Kombination mit hom\u00f6opathischer Mittelwahl<\/li>\n\n\n\n<li>Errechnung von <strong>OP-Terminen<\/strong> plus hom\u00f6opathischer OP-Begleitung<\/li>\n<\/ul>\n\n\n<div class=\"wp-block-image\">\n<figure class=\"aligncenter size-full is-resized\"><img loading=\"lazy\" decoding=\"async\" width=\"461\" height=\"413\" src=\"https:\/\/www.astrologie-beratung-berlin.com\/wp-content\/uploads\/2013\/11\/Arnica-und-Co.jpg\" alt=\"Hom\u00f6opathische Mittel: Apis, Arnica und Cantharis - hier von der Firma DHU\" class=\"wp-image-359\" style=\"width:284px;height:258px\" srcset=\"https:\/\/www.astrologie-beratung-berlin.com\/wp-content\/uploads\/2013\/11\/Arnica-und-Co.jpg 461w, https:\/\/www.astrologie-beratung-berlin.com\/wp-content\/uploads\/2013\/11\/Arnica-und-Co-300x268.jpg 300w, https:\/\/www.astrologie-beratung-berlin.com\/wp-content\/uploads\/2013\/11\/Arnica-und-Co-334x300.jpg 334w\" sizes=\"auto, (max-width: 461px) 100vw, 461px\" \/><\/figure><\/div>\n\n\n<p>Weitere Informationen&nbsp;finden Sie auf&nbsp;<a href=\"http:\/\/www.astrologie-und-hom\u00f6opathie.de\/\" target=\"_blank\" rel=\"noopener\">Naturheilpraxis Petra D\u00f6rfert<\/a><\/p>\n","protected":false},"excerpt":{"rendered":"<p>Als Heilpraktikerin empfinde ich die Verbindung von Astromedizin (= Deutung des Horoskops auf der k\u00f6rperlichen\/gesundheitlichen Ebene)\u00a0und Hom\u00f6opathie als besonders fruchtbar. Sie erm\u00f6glicht: Weitere Informationen&nbsp;finden Sie auf&nbsp;Naturheilpraxis Petra D\u00f6rfert<\/p>\n","protected":false},"author":2,"featured_media":0,"parent":0,"menu_order":6,"comment_status":"closed","ping_status":"open","template":"","meta":{"footnotes":""},"class_list":["post-85","page","type-page","status-publish","hentry"],"aioseo_notices":[],"_links":{"self":[{"href":"https:\/\/www.astrologie-beratung-berlin.com\/index.php?rest_route=\/wp\/v2\/pages\/85","targetHints":{"allow":["GET"]}}],"collection":[{"href":"https:\/\/www.astrologie-beratung-berlin.com\/index.php?rest_route=\/wp\/v2\/pages"}],"about":[{"href":"https:\/\/www.astrologie-beratung-berlin.com\/index.php?rest_route=\/wp\/v2\/types\/page"}],"author":[{"embeddable":true,"href":"https:\/\/www.astrologie-beratung-berlin.com\/index.php?rest_route=\/wp\/v2\/users\/2"}],"replies":[{"embeddable":true,"href":"https:\/\/www.astrologie-beratung-berlin.com\/index.php?rest_route=%2Fwp%2Fv2%2Fcomments&post=85"}],"version-history":[{"count":34,"href":"https:\/\/www.astrologie-beratung-berlin.com\/index.php?rest_route=\/wp\/v2\/pages\/85\/revisions"}],"predecessor-version":[{"id":2947,"href":"https:\/\/www.astrologie-beratung-berlin.com\/index.php?rest_route=\/wp\/v2\/pages\/85\/revisions\/2947"}],"wp:attachment":[{"href":"https:\/\/www.astrologie-beratung-berlin.com\/index.php?rest_route=%2Fwp%2Fv2%2Fmedia&parent=85"}],"curies":[{"name":"wp","href":"https:\/\/api.w.org\/{rel}","templated":true}]}}